{"id":99,"date":"2025-09-11T16:26:24","date_gmt":"2025-09-11T14:26:24","guid":{"rendered":"https:\/\/trachtenkapelle-butschbach-hesselbach.de\/?page_id=99"},"modified":"2026-02-03T17:12:26","modified_gmt":"2026-02-03T16:12:26","slug":"trachtenkapelle","status":"publish","type":"page","link":"https:\/\/trachtenkapelle-butschbach-hesselbach.de\/?page_id=99","title":{"rendered":"Trachtenkapelle Butschbach-Hesselbach"},"content":{"rendered":"\n<p><a href=\"https:\/\/trachtenkapelle-butschbach-hesselbach.de\/?page_id=99\" target=\"_blank\" rel=\"noreferrer noopener\"><\/a><\/p>\n\n\n\n<h3 class=\"wp-block-heading\"><strong>Die Trachtenkapelle<\/strong> <\/h3>\n\n\n\n<p>Die Trachtenkapelle Butschbach-Hesselbach wurde im Jahr 1961 gegr\u00fcndet. Zur F\u00f6rderung unserer Arbeit wurde im Jahr 2010 der F\u00f6rderverein Trachtenkapelle Butschbach-Hesselbach e.V. gegr\u00fcndet. Seit 2022 steht die Trachtenkapelle unter der musikalischen Leitung ihres Dirigenten Martin Appenmaier.<br><\/p>\n\n\n\n<h3 class=\"wp-block-heading\"><strong>Besetzung, Probearbeit<\/strong><\/h3>\n\n\n\n<p>Das Stammorchester der Trachtenkapelle trifft sich ganzj\u00e4hrig immer <strong>Donnerstags von 20:00 bis 22:00 Uhr<\/strong> zur Gesamtprobe in der Maiecklehalle. <br><strong>Unsere aktuell gespielten Instrumente:<\/strong> Fl\u00f6te, Piccolo, Klarinette, Saxophon, Trompete, Fl\u00fcgelhorn, Horn, Posaune, Tenorhorn, Tuba, Keyboard, Percussion<br><\/p>\n\n\n\n<h3 class=\"wp-block-heading\"><strong>Auftritte<\/strong><\/h3>\n\n\n\n<p><strong>s&#8217;Musikfest im Hesselbach<\/strong>   am Muttertagswochenende im Mai: am Samststag Abend stellen wir unser Jahresprogramm vor<br><strong>Jahreskonzert<\/strong>:                       alle 2 Jahre (in den ungeraden Jahren). Samstag Abend am ersten Dezemberwochenende in der Stadthalle Erwin-Braun-Halle,                 <strong>24. Dezember                          <\/strong>  Weihnachtslieder spielen in Butschbach und Hesselbach<br><strong>Auftritte ganzj\u00e4hrig<\/strong>               bei Festen befreundeter Musikvereine<br><\/p>\n\n\n\n<h3 class=\"wp-block-heading\"><strong>Unsere<\/strong> <strong>Feste<\/strong><\/h3>\n\n\n\n<p><strong>1.Mai Waldfest bei der Bildeiche in Hesselbach<\/strong>      gem\u00fctlicher Treff f\u00fcr Wanderer und Mountainbiker <br><strong>s&#8217;Musikfest im Hesselbach<\/strong>                                        am Muttertagswochenende im Mai. Samstag Abend und Sonntag ganzt\u00e4gig mit Blasmusik<br><strong>Waldfest im November<\/strong>                                               bei der Bildeiche (letzter Samstag im November)<br><strong>Weihnachtsfeier der \u00f6rtlichen Vereine<\/strong>                     letzer Sonntag im Dezember<br><\/p>\n\n\n\n<h3 class=\"wp-block-heading\"><strong>Mitgliedschaften  <\/strong><\/h3>\n\n\n\n<p><strong>Aktive Mitwirkung<\/strong> im Stammorchester<br><strong>Aktive Mitwirkung<\/strong> in der musikalischen Fr\u00fcherziehung, Instrumentalausbildung, Jugendkapelle <\/p>\n\n\n\n<p><strong>Passive Mitgliedschaf<\/strong>t &#8211; siehe Men\u00fcpunkt &#8222;Passive Mitgliedschaft&#8220; <\/p>\n","protected":false},"excerpt":{"rendered":"<p>Die Trachtenkapelle Die Trachtenkapelle Butschbach-Hesselbach wurde im Jahr 1961 gegr\u00fcndet. Zur F\u00f6rderung unserer Arbeit wurde im Jahr 2010 der F\u00f6rderverein Trachtenkapelle Butschbach-Hesselbach e.V. gegr\u00fcndet. Seit 2022 steht die Trachtenkapelle unter der musikalischen Leitung ihres Dirigenten Martin Appenmaier. Besetzung, Probearbeit Das Stammorchester der Trachtenkapelle trifft sich ganzj\u00e4hrig immer Donnerstags von 20:00 bis 22:00 Uhr zur Gesamtprobe [&hellip;]<\/p>\n","protected":false},"author":2,"featured_media":0,"parent":0,"menu_order":0,"comment_status":"closed","ping_status":"closed","template":"","meta":{"footnotes":""},"class_list":["post-99","page","type-page","status-publish","hentry"],"_links":{"self":[{"href":"https:\/\/trachtenkapelle-butschbach-hesselbach.de\/index.php?rest_route=\/wp\/v2\/pages\/99","targetHints":{"allow":["GET"]}}],"collection":[{"href":"https:\/\/trachtenkapelle-butschbach-hesselbach.de\/index.php?rest_route=\/wp\/v2\/pages"}],"about":[{"href":"https:\/\/trachtenkapelle-butschbach-hesselbach.de\/index.php?rest_route=\/wp\/v2\/types\/page"}],"author":[{"embeddable":true,"href":"https:\/\/trachtenkapelle-butschbach-hesselbach.de\/index.php?rest_route=\/wp\/v2\/users\/2"}],"replies":[{"embeddable":true,"href":"https:\/\/trachtenkapelle-butschbach-hesselbach.de\/index.php?rest_route=%2Fwp%2Fv2%2Fcomments&post=99"}],"version-history":[{"count":9,"href":"https:\/\/trachtenkapelle-butschbach-hesselbach.de\/index.php?rest_route=\/wp\/v2\/pages\/99\/revisions"}],"predecessor-version":[{"id":284,"href":"https:\/\/trachtenkapelle-butschbach-hesselbach.de\/index.php?rest_route=\/wp\/v2\/pages\/99\/revisions\/284"}],"wp:attachment":[{"href":"https:\/\/trachtenkapelle-butschbach-hesselbach.de\/index.php?rest_route=%2Fwp%2Fv2%2Fmedia&parent=99"}],"curies":[{"name":"wp","href":"https:\/\/api.w.org\/{rel}","templated":true}]}}